{"id":1166,"date":"2020-05-28T15:04:38","date_gmt":"2020-05-28T20:04:38","guid":{"rendered":"https:\/\/blonnoir.com\/?page_id=1166"},"modified":"2025-11-17T16:11:34","modified_gmt":"2025-11-17T21:11:34","slug":"covid","status":"publish","type":"page","link":"https:\/\/blonnoir.com\/fr\/covid\/","title":{"rendered":"covid"},"content":{"rendered":"<p>[et_pb_section fb_built=\u00a0\u00bb1&Prime; disabled_on=\u00a0\u00bboff|off|off\u00a0\u00bb admin_label=\u00a0\u00bbHeader Section\u00a0\u00bb _builder_version=\u00a0\u00bb4.16&Prime; use_background_color_gradient=\u00a0\u00bbon\u00a0\u00bb background_color_gradient_stops=\u00a0\u00bbrgba(255,255,255,0.65) 0%|rgba(0,0,0,0.77) 100%\u00a0\u00bb background_color_gradient_overlays_image=\u00a0\u00bbon\u00a0\u00bb background_color_gradient_start=\u00a0\u00bbrgba(255,255,255,0.65)\u00a0\u00bb background_color_gradient_end=\u00a0\u00bbrgba(0,0,0,0.77)\u00a0\u00bb background_image=\u00a0\u00bbhttps:\/\/blonnoir.com\/wp-content\/uploads\/2018\/10\/Salon_complet_photoshop-plafond.jpg\u00a0\u00bb custom_margin=\u00a0\u00bb|||\u00a0\u00bb custom_padding=\u00a0\u00bb6vw|0px|7vw|0px|false|false\u00a0\u00bb top_divider_color=\u00a0\u00bb#f2f6f9&Prime; bottom_divider_style=\u00a0\u00bbasymmetric2&Prime; bottom_divider_color=\u00a0\u00bb#f2f6f9&Prime; bottom_divider_height=\u00a0\u00bb7vw\u00a0\u00bb animation_direction=\u00a0\u00bbtop\u00a0\u00bb global_colors_info=\u00a0\u00bb{}\u00a0\u00bb][et_pb_row disabled_on=\u00a0\u00bboff|off|off\u00a0\u00bb module_class=\u00a0\u00bb et_pb_row_fullwidth\u00a0\u00bb _builder_version=\u00a0\u00bb4.16&Prime; width=\u00a0\u00bb89%\u00a0\u00bb width_tablet=\u00a0\u00bb80%\u00a0\u00bb width_phone=\u00a0\u00bb\u00a0\u00bb width_last_edited=\u00a0\u00bbon|desktop\u00a0\u00bb max_width=\u00a0\u00bb89%\u00a0\u00bb max_width_tablet=\u00a0\u00bb80%\u00a0\u00bb max_width_phone=\u00a0\u00bb\u00a0\u00bb max_width_last_edited=\u00a0\u00bbon|desktop\u00a0\u00bb custom_padding=\u00a0\u00bb|||\u00a0\u00bb make_fullwidth=\u00a0\u00bbon\u00a0\u00bb global_colors_info=\u00a0\u00bb{}\u00a0\u00bb][et_pb_column type=\u00a0\u00bb4_4&Prime; _builder_version=\u00a0\u00bb4.16&Prime; custom_padding=\u00a0\u00bb|||\u00a0\u00bb global_colors_info=\u00a0\u00bb{}\u00a0\u00bb custom_padding__hover=\u00a0\u00bb|||\u00a0\u00bb][et_pb_text disabled_on=\u00a0\u00bboff|off|off\u00a0\u00bb _builder_version=\u00a0\u00bb4.16&Prime; text_font=\u00a0\u00bbMontserrat||||||||\u00a0\u00bb text_font_size=\u00a0\u00bb22px\u00a0\u00bb text_line_height=\u00a0\u00bb1.8em\u00a0\u00bb header_font=\u00a0\u00bb||||||||\u00a0\u00bb header_text_align=\u00a0\u00bbcenter\u00a0\u00bb header_text_color=\u00a0\u00bb#ffffff\u00a0\u00bb header_font_size=\u00a0\u00bb4vw\u00a0\u00bb header_line_height=\u00a0\u00bb1.5em\u00a0\u00bb text_orientation=\u00a0\u00bbcenter\u00a0\u00bb background_layout=\u00a0\u00bbdark\u00a0\u00bb custom_margin=\u00a0\u00bb|||\u00a0\u00bb header_font_size_tablet=\u00a0\u00bb50px\u00a0\u00bb header_font_size_phone=\u00a0\u00bb\u00a0\u00bb header_font_size_last_edited=\u00a0\u00bbon|desktop\u00a0\u00bb header_line_height_tablet=\u00a0\u00bb1.1em\u00a0\u00bb header_line_height_phone=\u00a0\u00bb1.2em\u00a0\u00bb header_line_height_last_edited=\u00a0\u00bboff|desktop\u00a0\u00bb global_colors_info=\u00a0\u00bb{}\u00a0\u00bb]<\/p>\n<h1>Nouvelles mesures de conformit\u00e9 (covid-19)<\/h1>\n<p>[\/et_pb_text][\/et_pb_column][\/et_pb_row][\/et_pb_section][et_pb_section fb_built=\u00a0\u00bb1&Prime; _builder_version=\u00a0\u00bb4.16&Prime; global_colors_info=\u00a0\u00bb{}\u00a0\u00bb][et_pb_row _builder_version=\u00a0\u00bb4.16&Prime; global_colors_info=\u00a0\u00bb{}\u00a0\u00bb][et_pb_column type=\u00a0\u00bb4_4&Prime; _builder_version=\u00a0\u00bb4.16&Prime; global_colors_info=\u00a0\u00bb{}\u00a0\u00bb][et_pb_text _builder_version=\u00a0\u00bb4.22.2&Prime; hover_enabled=\u00a0\u00bb0&Prime; global_colors_info=\u00a0\u00bb{}\u00a0\u00bb ul_font_size=\u00a0\u00bb22px\u00a0\u00bb ul_line_height=\u00a0\u00bb2em\u00a0\u00bb sticky_enabled=\u00a0\u00bb0&Prime;]<\/p>\n<ul>\n<li>Les masques de proc\u00e9dures sont maintenant obligatoires. Si vous n\u2019en avez pas, nous vous en fournirons un.<\/li>\n<li>Nous devons respecter un nombre maximal d&rsquo;achalandage, nous vous prions donc d&rsquo;\u00eatre \u00e0 l&rsquo;heure \u00e0 votre rendez-vous, pas trop d&rsquo;avance ou en retard, si possible.<\/li>\n<li>Seuls les enfants capable de se pr\u00e9senter au rendez-vous sans \u00eatre accompagn\u00e9 seront admis.<\/li>\n<li>Les tablettes \u00e9lectroniques du salon seront temporairement inaccessibles afin de minimiser la propagation du virus. Les clients sont invit\u00e9s \u00e0 apporter leurs propres divertissements.<\/li>\n<li>Nous ne pouvons offrir aucun breuvage, la client\u00e8le est donc invit\u00e9e \u00e0 apporter un breuvage si d\u00e9sir\u00e9.<\/li>\n<li>Les clients ne pourront plus se s\u00e9cher eux-m\u00eames les cheveux puisque le salon ne peut mettre de s\u00e9choirs \u00e0 la disposition de la client\u00e8le.<\/li>\n<li>Les modes de paiements accept\u00e9s ne sont pas modifi\u00e9s, tout reste pareil.<\/li>\n<li>Les tarifs conna\u00eetront une hausse pour quelques-uns de nos services.<\/li>\n<li>Svp respecter votre plage horaire de rendez-vous et d&rsquo;\u00e9viter de l&rsquo;annuler si possible.<\/li>\n<\/ul>\n<p>&nbsp;<\/p>\n<h3 style=\"text-align: center;\"><strong>Nous vous remercions de votre compr\u00e9hension et de votre collaboration!<\/strong><\/h3>\n<p>[\/et_pb_text][\/et_pb_column][\/et_pb_row][\/et_pb_section]<\/p>\n","protected":false},"excerpt":{"rendered":"<p>Nouvelles mesures de conformit\u00e9 (covid-19) Les masques de proc\u00e9dures sont maintenant obligatoires. Si vous n\u2019en avez pas, nous vous en fournirons un. Nous devons respecter un nombre maximal d&rsquo;achalandage, nous vous prions donc d&rsquo;\u00eatre \u00e0 l&rsquo;heure \u00e0 votre rendez-vous, pas trop d&rsquo;avance ou en retard, si possible. Seuls les enfants capable de se pr\u00e9senter au [&hellip;]<\/p>\n","protected":false},"author":14,"featured_media":0,"parent":0,"menu_order":0,"comment_status":"closed","ping_status":"closed","template":"","meta":{"_et_pb_use_builder":"on","_et_pb_old_content":"","_et_gb_content_width":"","footnotes":""},"class_list":["post-1166","page","type-page","status-publish","hentry"],"_links":{"self":[{"href":"https:\/\/blonnoir.com\/fr\/wp-json\/wp\/v2\/pages\/1166","targetHints":{"allow":["GET"]}}],"collection":[{"href":"https:\/\/blonnoir.com\/fr\/wp-json\/wp\/v2\/pages"}],"about":[{"href":"https:\/\/blonnoir.com\/fr\/wp-json\/wp\/v2\/types\/page"}],"author":[{"embeddable":true,"href":"https:\/\/blonnoir.com\/fr\/wp-json\/wp\/v2\/users\/14"}],"replies":[{"embeddable":true,"href":"https:\/\/blonnoir.com\/fr\/wp-json\/wp\/v2\/comments?post=1166"}],"version-history":[{"count":11,"href":"https:\/\/blonnoir.com\/fr\/wp-json\/wp\/v2\/pages\/1166\/revisions"}],"predecessor-version":[{"id":3218,"href":"https:\/\/blonnoir.com\/fr\/wp-json\/wp\/v2\/pages\/1166\/revisions\/3218"}],"wp:attachment":[{"href":"https:\/\/blonnoir.com\/fr\/wp-json\/wp\/v2\/media?parent=1166"}],"curies":[{"name":"wp","href":"https:\/\/api.w.org\/{rel}","templated":true}]}}