{"id":3173,"date":"2025-06-05T11:36:13","date_gmt":"2025-06-05T16:36:13","guid":{"rendered":"https:\/\/blonnoir.com\/?page_id=3173"},"modified":"2025-11-17T16:34:47","modified_gmt":"2025-11-17T21:34:47","slug":"politique-de-confidentialite","status":"publish","type":"page","link":"https:\/\/blonnoir.com\/fr\/politique-de-confidentialite\/","title":{"rendered":"Politique de confidentialit\u00e9"},"content":{"rendered":"<p>[et_pb_section fb_built=\u00a0\u00bb1&Prime; _builder_version=\u00a0\u00bb4.22.2&Prime; _module_preset=\u00a0\u00bbdefault\u00a0\u00bb global_colors_info=\u00a0\u00bb{}\u00a0\u00bb][et_pb_row _builder_version=\u00a0\u00bb4.22.2&Prime; _module_preset=\u00a0\u00bbdefault\u00a0\u00bb global_colors_info=\u00a0\u00bb{}\u00a0\u00bb][et_pb_column type=\u00a0\u00bb4_4&Prime; _builder_version=\u00a0\u00bb4.22.2&Prime; _module_preset=\u00a0\u00bbdefault\u00a0\u00bb global_colors_info=\u00a0\u00bb{}\u00a0\u00bb][et_pb_text _builder_version=\u00a0\u00bb4.22.2&Prime; _module_preset=\u00a0\u00bbdefault\u00a0\u00bb global_colors_info=\u00a0\u00bb{}\u00a0\u00bb header_font=\u00a0\u00bb|700|||||||\u00a0\u00bb header_2_font=\u00a0\u00bb|700|||||||\u00a0\u00bb]<\/p>\n<h1>Politique de confidentialit\u00e9<\/h1>\n<p><strong>Derni\u00e8re mise \u00e0 jour : 5 juin 2025<\/strong><\/p>\n<p>Chez <strong>Blonnoir<\/strong>, nous nous engageons \u00e0 prot\u00e9ger vos renseignements personnels conform\u00e9ment \u00e0 la Loi 25 (Qu\u00e9bec) sur la protection des renseignements personnels dans le secteur priv\u00e9.<\/p>\n<h2>1. Collecte des renseignements personnels<\/h2>\n<p>Nous recueillons les renseignements suivants :<\/p>\n<ul>\n<li>Pr\u00e9nom et nom<\/li>\n<li>Adresse courriel<\/li>\n<li>Num\u00e9ro de t\u00e9l\u00e9phone<\/li>\n<li>Informations de r\u00e9servation (date, service choisi)<\/li>\n<li>Adresse IP, type d&rsquo;appareil, donn\u00e9es de navigation (via Google Analytics, Tag Manager, Pixel Facebook)<\/li>\n<\/ul>\n<p>Ces renseignements sont recueillis notamment par :<\/p>\n<ul>\n<li>Formulaire de r\u00e9servation en ligne<\/li>\n<li>Formulaire d\u2019inscription \u00e0 l\u2019infolettre<\/li>\n<li>Navigation sur le site (via t\u00e9moins de connexion\/cookies)<\/li>\n<\/ul>\n<h2>2. Utilisation des renseignements<\/h2>\n<p>Les renseignements collect\u00e9s sont utilis\u00e9s pour :<\/p>\n<ul>\n<li>G\u00e9rer les r\u00e9servations<\/li>\n<li>Envoyer des confirmations ou rappels<\/li>\n<li>Communiquer des offres promotionnelles (infolettre)<\/li>\n<li>Analyser le trafic du site web pour en am\u00e9liorer l\u2019exp\u00e9rience<\/li>\n<\/ul>\n<h2>3. Outils utilis\u00e9s<\/h2>\n<p>Nous utilisons :<\/p>\n<ul>\n<li><strong>Google Analytics &amp; Tag Manager<\/strong> : analyse du comportement de navigation<\/li>\n<li><strong>Google Search Console<\/strong> : performance du site<\/li>\n<li><strong>Facebook Pixel<\/strong> : campagnes publicitaires personnalis\u00e9es<\/li>\n<li><strong>Cyberimpact ou \u00e9quivalent<\/strong> : envoi de courriels promotionnels<\/li>\n<\/ul>\n<h2>4. Consentement<\/h2>\n<p>Votre consentement est requis avant toute collecte. Il est implicite lors de l\u2019utilisation du site et explicite lors de l\u2019abonnement \u00e0 l\u2019infolettre ou la prise de rendez-vous.<\/p>\n<p>Vous pouvez retirer votre consentement en tout temps en nous contactant \u00e0 : <a href=\"mailto:info@blonnoir.com\">info@blonnoir.com<\/a><\/p>\n<h2>5. Conservation et s\u00e9curit\u00e9<\/h2>\n<p>Les renseignements sont conserv\u00e9s de mani\u00e8re s\u00e9curitaire pendant la dur\u00e9e n\u00e9cessaire aux fins mentionn\u00e9es, puis supprim\u00e9s de fa\u00e7on s\u00e9curitaire.<\/p>\n<h2>6. Vos droits<\/h2>\n<p>Conform\u00e9ment \u00e0 la Loi 25, vous avez le droit :<\/p>\n<ul>\n<li>D\u2019acc\u00e9der \u00e0 vos renseignements<\/li>\n<li>De les faire corriger ou supprimer<\/li>\n<li>De retirer votre consentement<\/li>\n<\/ul>\n<p>Contactez-nous \u00e0 <a href=\"mailto:info@blonnoir.com\">info@blonnoir.com<\/a> pour toute demande relative \u00e0 vos donn\u00e9es personnelles.<\/p>\n<p>[\/et_pb_text][\/et_pb_column][\/et_pb_row][\/et_pb_section]<\/p>\n","protected":false},"excerpt":{"rendered":"<p>Politique de confidentialit\u00e9 Derni\u00e8re mise \u00e0 jour : 5 juin 2025 Chez Blonnoir, nous nous engageons \u00e0 prot\u00e9ger vos renseignements personnels conform\u00e9ment \u00e0 la Loi 25 (Qu\u00e9bec) sur la protection des renseignements personnels dans le secteur priv\u00e9. 1. Collecte des renseignements personnels Nous recueillons les renseignements suivants : Pr\u00e9nom et nom Adresse courriel Num\u00e9ro de [&hellip;]<\/p>\n","protected":false},"author":19,"featured_media":0,"parent":0,"menu_order":0,"comment_status":"closed","ping_status":"closed","template":"","meta":{"_et_pb_use_builder":"on","_et_pb_old_content":"","_et_gb_content_width":"","footnotes":""},"class_list":["post-3173","page","type-page","status-publish","hentry"],"_links":{"self":[{"href":"https:\/\/blonnoir.com\/fr\/wp-json\/wp\/v2\/pages\/3173","targetHints":{"allow":["GET"]}}],"collection":[{"href":"https:\/\/blonnoir.com\/fr\/wp-json\/wp\/v2\/pages"}],"about":[{"href":"https:\/\/blonnoir.com\/fr\/wp-json\/wp\/v2\/types\/page"}],"author":[{"embeddable":true,"href":"https:\/\/blonnoir.com\/fr\/wp-json\/wp\/v2\/users\/19"}],"replies":[{"embeddable":true,"href":"https:\/\/blonnoir.com\/fr\/wp-json\/wp\/v2\/comments?post=3173"}],"version-history":[{"count":4,"href":"https:\/\/blonnoir.com\/fr\/wp-json\/wp\/v2\/pages\/3173\/revisions"}],"predecessor-version":[{"id":3225,"href":"https:\/\/blonnoir.com\/fr\/wp-json\/wp\/v2\/pages\/3173\/revisions\/3225"}],"wp:attachment":[{"href":"https:\/\/blonnoir.com\/fr\/wp-json\/wp\/v2\/media?parent=3173"}],"curies":[{"name":"wp","href":"https:\/\/api.w.org\/{rel}","templated":true}]}}