{"id":3178,"date":"2025-06-05T12:27:13","date_gmt":"2025-06-05T17:27:13","guid":{"rendered":"https:\/\/blonnoir.com\/?page_id=3178"},"modified":"2025-11-17T16:48:33","modified_gmt":"2025-11-17T21:48:33","slug":"termes-et-conditions","status":"publish","type":"page","link":"https:\/\/blonnoir.com\/fr\/termes-et-conditions\/","title":{"rendered":"Termes et conditions"},"content":{"rendered":"<p>[et_pb_section fb_built=\u00a0\u00bb1&Prime; _builder_version=\u00a0\u00bb4.22.2&Prime; _module_preset=\u00a0\u00bbdefault\u00a0\u00bb global_colors_info=\u00a0\u00bb{}\u00a0\u00bb][et_pb_row _builder_version=\u00a0\u00bb4.22.2&Prime; _module_preset=\u00a0\u00bbdefault\u00a0\u00bb global_colors_info=\u00a0\u00bb{}\u00a0\u00bb][et_pb_column type=\u00a0\u00bb4_4&Prime; _builder_version=\u00a0\u00bb4.22.2&Prime; _module_preset=\u00a0\u00bbdefault\u00a0\u00bb global_colors_info=\u00a0\u00bb{}\u00a0\u00bb][et_pb_text _builder_version=\u00a0\u00bb4.22.2&Prime; _module_preset=\u00a0\u00bbdefault\u00a0\u00bb hover_enabled=\u00a0\u00bb0&Prime; global_colors_info=\u00a0\u00bb{}\u00a0\u00bb header_font=\u00a0\u00bb|700|||||||\u00a0\u00bb header_2_font=\u00a0\u00bb|700|||||||\u00a0\u00bb sticky_enabled=\u00a0\u00bb0&Prime;]<\/p>\n<h1>Termes et conditions<\/h1>\n<h3>Bienvenue sur blonnoir.com<\/h3>\n<p>En acc\u00e9dant \u00e0 ce site, vous acceptez les conditions suivantes. Veuillez les lire attentivement avant d\u2019utiliser nos services.<\/p>\n<h2>1. Utilisation du site<\/h2>\n<p>Le site web Blonnoir est destin\u00e9 \u00e0 :<\/p>\n<ul>\n<li>Pr\u00e9senter nos services de coiffure<\/li>\n<li>Permettre la r\u00e9servation en ligne<\/li>\n<li>Fournir des informations sur nos produits et promotions<\/li>\n<\/ul>\n<p>Tout usage abusif, frauduleux ou contraire \u00e0 la loi entra\u00eenera un blocage d\u2019acc\u00e8s.<\/p>\n<h2>2. R\u00e9servations<\/h2>\n<p>En utilisant notre module de r\u00e9servation en ligne, vous vous engagez \u00e0 fournir des informations exactes. Un courriel de confirmation vous sera envoy\u00e9 apr\u00e8s chaque rendez-vous.<\/p>\n<h2>3. Politique d\u2019annulation<\/h2>\n<p>Les rendez-vous peuvent \u00eatre annul\u00e9s ou modifi\u00e9s jusqu\u2019\u00e0 24 heures \u00e0 l\u2019avance. En cas de non-pr\u00e9sentation sans pr\u00e9avis, des frais peuvent s\u2019appliquer.<\/p>\n<h2>4. Propri\u00e9t\u00e9 intellectuelle<\/h2>\n<p>Tous les contenus (textes, images, logo, etc.) sont la propri\u00e9t\u00e9 de Blonnoir et prot\u00e9g\u00e9s par les lois sur le droit d\u2019auteur. Il est interdit de reproduire ou d\u2019utiliser ces contenus sans autorisation \u00e9crite.<\/p>\n<h2>5. Liens externes<\/h2>\n<p>Le site peut contenir des liens vers d&rsquo;autres plateformes. Blonnoir n&rsquo;est pas responsable du contenu ou des pratiques de confidentialit\u00e9 de ces sites.<\/p>\n<h2>6. Limitation de responsabilit\u00e9<\/h2>\n<p>Blonnoir ne garantit pas que le site soit exempt d\u2019erreurs ou d&rsquo;interruptions. L\u2019utilisation du site se fait \u00e0 vos propres risques.<\/p>\n<p>[\/et_pb_text][\/et_pb_column][\/et_pb_row][\/et_pb_section]<\/p>\n","protected":false},"excerpt":{"rendered":"<p>Termes et conditions Bienvenue sur blonnoir.com En acc\u00e9dant \u00e0 ce site, vous acceptez les conditions suivantes. Veuillez les lire attentivement avant d\u2019utiliser nos services. 1. Utilisation du site Le site web Blonnoir est destin\u00e9 \u00e0 : Pr\u00e9senter nos services de coiffure Permettre la r\u00e9servation en ligne Fournir des informations sur nos produits et promotions Tout [&hellip;]<\/p>\n","protected":false},"author":19,"featured_media":0,"parent":0,"menu_order":0,"comment_status":"closed","ping_status":"closed","template":"","meta":{"_et_pb_use_builder":"on","_et_pb_old_content":"","_et_gb_content_width":"","footnotes":""},"class_list":["post-3178","page","type-page","status-publish","hentry"],"_links":{"self":[{"href":"https:\/\/blonnoir.com\/fr\/wp-json\/wp\/v2\/pages\/3178","targetHints":{"allow":["GET"]}}],"collection":[{"href":"https:\/\/blonnoir.com\/fr\/wp-json\/wp\/v2\/pages"}],"about":[{"href":"https:\/\/blonnoir.com\/fr\/wp-json\/wp\/v2\/types\/page"}],"author":[{"embeddable":true,"href":"https:\/\/blonnoir.com\/fr\/wp-json\/wp\/v2\/users\/19"}],"replies":[{"embeddable":true,"href":"https:\/\/blonnoir.com\/fr\/wp-json\/wp\/v2\/comments?post=3178"}],"version-history":[{"count":3,"href":"https:\/\/blonnoir.com\/fr\/wp-json\/wp\/v2\/pages\/3178\/revisions"}],"predecessor-version":[{"id":3227,"href":"https:\/\/blonnoir.com\/fr\/wp-json\/wp\/v2\/pages\/3178\/revisions\/3227"}],"wp:attachment":[{"href":"https:\/\/blonnoir.com\/fr\/wp-json\/wp\/v2\/media?parent=3178"}],"curies":[{"name":"wp","href":"https:\/\/api.w.org\/{rel}","templated":true}]}}